{"id":13,"date":"2015-10-27T21:15:04","date_gmt":"2015-10-27T21:15:04","guid":{"rendered":"http:\/\/metal-produkt.hr\/?page_id=13"},"modified":"2018-07-18T06:39:04","modified_gmt":"2018-07-18T06:39:04","slug":"home","status":"publish","type":"page","link":"https:\/\/metal-produkt.hr\/?page_id=13&lang=hr","title":{"rendered":"Home"},"content":{"rendered":"<\/div><\/div><\/div><!-- close content main div --><\/div><\/div><div id='av_section_1' class='avia-section main_color avia-section-large avia-no-border-styling av-section-color-overlay-active avia-bg-style-scroll   av-minimum-height av-minimum-height-custom container_wrap sidebar_right' style = 'background-repeat: no-repeat; background-image: url(https:\/\/metal-produkt.hr\/wp-content\/uploads\/2015\/10\/naslovna.jpg);background-attachment: scroll; background-position: top center; ' data-section-bg-repeat='no-repeat' ><div class='av-section-color-overlay-wrap'><div class='av-section-color-overlay' style='opacity: 0.5; background-color: #006cb5; '><\/div><a href='#next-section' title='' class='scroll-down-link '  aria-hidden='true' data-av_icon='\ue877' data-av_iconfont='entypo-fontello'><\/a><div class='container' style='height:500px'><div class='template-page content  av-content-small alpha units'><div class='post-entry post-entry-type-page post-entry-13'><div class='entry-content-wrapper clearfix'>\n<div class=\"flex_column av_three_fourth  flex_column_div av-zero-column-padding first  \" style='border-radius:0px; '><p><div style='text-align:left; color:#ffffff; font-size:40px; margin:0 0 0 0; ' class='av-rotator-container av-rotation-container-left  ' data-interval='3' data-animation='1'><h2 class='av-rotator-container-inner '>PRIRODNIH RESURSA<br \/>\nJE SVE MANJE<br \/>\n<span class='av-rotator-text av-rotator-multiline-off '>\n<span style='color:#ffffff; ' class='av-rotator-text-single av-rotator-text-single-1'>OTKUPLJUJEMO<\/span>\n<span style='color:#ffffff; ' class='av-rotator-text-single av-rotator-text-single-2'>ZBRINJAVAMO <\/span>\n<span style='color:#ffffff; ' class='av-rotator-text-single av-rotator-text-single-3'>RECIKLIRAMO <\/span>\n<span style='color:#ffffff; ' class='av-rotator-text-single av-rotator-text-single-4'>METALNI OTPAD<\/span>\n<span style='color:#ffffff; ' class='av-rotator-text-single av-rotator-text-single-5'>STARI PAPIR I NAJLON<\/span>\n<span style='color:#ffffff; ' class='av-rotator-text-single av-rotator-text-single-6'>SVE VRSTE OTPADA<\/span>\n<span style='color:#ffffff; ' class='av-rotator-text-single av-rotator-text-single-7'>RAZMI\u0160LJAMO<br \/>\nEKOLO\u0160KI<\/span>\n<\/span><\/h2><\/div><br \/>\n<div style=' margin-top:40px; margin-bottom:40px;'  class='hr hr-custom hr-left hr-icon-no  '><span class='hr-inner   inner-border-av-border-fat' style=' width:50px; border-color:#ffffff;' ><span class='hr-inner-style'><\/span><\/span><\/div><\/p><\/div><div class=\"flex_column av_one_fourth  flex_column_div av-zero-column-padding   \" style='border-radius:0px; '><\/div><\/div><\/div><\/div><!-- close content main div --><\/div><\/div><\/div><div id='after_section_1' class='main_color av_default_container_wrap container_wrap sidebar_right'   ><div class='container' ><div class='template-page content  av-content-small alpha units'><div class='post-entry post-entry-type-page post-entry-13'><div class='entry-content-wrapper clearfix'><\/div><\/div><\/div><!-- close content main div --><\/div><\/div><div id='av_section_2' class='avia-section main_color avia-section-default avia-no-border-styling avia-bg-style-scroll   container_wrap sidebar_right' style = 'background-image: '  ><div class='container' ><div class='template-page content  av-content-small alpha units'><div class='post-entry post-entry-type-page post-entry-13'><div class='entry-content-wrapper clearfix'>\n<div class=\"flex_column av_one_fifth  flex_column_div av-zero-column-padding first  \" style='border-radius:0px; '><\/div><div class=\"flex_column av_three_fifth  flex_column_div av-zero-column-padding   \" style='border-radius:0px; '><div style='padding-bottom:0px; font-size:40px;' class='av-special-heading av-special-heading-h2  blockquote modern-quote modern-centered  av-inherit-size '><h2 class='av-special-heading-tag '  itemprop=\"headline\"  >Zbrinjavanjem i recikla\u017eom otpada doprinosimo za\u0161titi okoli\u0161a<\/h2><div class='special-heading-border'><div class='special-heading-inner-border' ><\/div><\/div><\/div><\/div><div class=\"flex_column av_one_fifth  flex_column_div av-zero-column-padding   \" style='border-radius:0px; '><\/div>\n<\/div><\/div><\/div><!-- close content main div --><\/div><\/div><div id='after_section_2' class='main_color av_default_container_wrap container_wrap sidebar_right'   ><div class='container' ><div class='template-page content  av-content-small alpha units'><div class='post-entry post-entry-type-page post-entry-13'><div class='entry-content-wrapper clearfix'><\/p>\n<div class='avia-image-container  av-styling-    avia-align-center '  itemprop=\"ImageObject\" itemscope=\"itemscope\" itemtype=\"https:\/\/schema.org\/ImageObject\"  ><div class='avia-image-container-inner'><div class='avia-image-overlay-wrap'><img class='avia_image ' src='https:\/\/metal-produkt.hr\/wp-content\/uploads\/2015\/10\/bon_is2o_fix.jpg' alt='' title='bon_is2o_fix' height=\"100\"width=\"472\"  itemprop=\"thumbnailUrl\"  \/><\/div><\/div><\/div>\n<div style=' margin-top:1px; margin-bottom:1px;'  class='hr hr-custom hr-center hr-icon-no  '><span class='hr-inner   inner-border-av-border-fat' style=' width:50px; border-color:#66676f;' ><span class='hr-inner-style'><\/span><\/span><\/div>\n<div class='av-hotspot-image-container avia_animate_when_almost_visible   avia_animated_image avia_animate_when_almost_visible fade-in av-hotspot-numbered   av-non-fullwidth-hotspot-image '  itemprop=\"ImageObject\" itemscope=\"itemscope\" itemtype=\"https:\/\/schema.org\/ImageObject\"  ><div class='av-hotspot-container'><div class='av-hotspot-container-inner-cell'><div class='av-hotspot-container-inner-wrap'><div class='av-image-hotspot' data-avia-tooltip-position='left' data-avia-tooltip-alignment='top' data-avia-tooltip-class='av-tt-default-width av-tt-pos-left av-tt-align-top  main_color av-tt-hotspot' data-avia-tooltip='&lt;p&gt;\u017deljezo&lt;\/p&gt;\n' style='top: 20%; left: 21.2%; '><div class='av-image-hotspot_inner' style='background-color: #006cb5; color: #ffffff;'>1<\/div><div class='av-image-hotspot-pulse' ><\/div><\/div><div class='av-image-hotspot' data-avia-tooltip-position='left' data-avia-tooltip-alignment='top' data-avia-tooltip-class='av-tt-default-width av-tt-pos-left av-tt-align-top  main_color av-tt-hotspot' data-avia-tooltip='&lt;p&gt;Lim&lt;\/p&gt;\n' style='top: 18.9%; left: 50.4%; '><div class='av-image-hotspot_inner' style='background-color: #006cb5; color: #ffffff;'>2<\/div><div class='av-image-hotspot-pulse' ><\/div><\/div><div class='av-image-hotspot' data-avia-tooltip-position='left' data-avia-tooltip-alignment='top' data-avia-tooltip-class='av-tt-default-width av-tt-pos-left av-tt-align-top  main_color av-tt-hotspot' data-avia-tooltip='&lt;p&gt;Al \u017eica&lt;\/p&gt;\n' style='top: 30.9%; left: 82.4%; '><div class='av-image-hotspot_inner' style='background-color: #006cb5; color: #ffffff;'>3<\/div><div class='av-image-hotspot-pulse' ><\/div><\/div><div class='av-image-hotspot' data-avia-tooltip-position='left' data-avia-tooltip-alignment='top' data-avia-tooltip-class='av-tt-default-width av-tt-pos-left av-tt-align-top  main_color av-tt-hotspot' data-avia-tooltip='&lt;p&gt;Aluminij&lt;\/p&gt;\n' style='top: 74%; left: 16.4%; '><div class='av-image-hotspot_inner' style='background-color: #006cb5; color: #ffffff;'>4<\/div><div class='av-image-hotspot-pulse' ><\/div><\/div><div class='av-image-hotspot' data-avia-tooltip-position='left' data-avia-tooltip-alignment='top' data-avia-tooltip-class='av-tt-default-width av-tt-pos-left av-tt-align-top  main_color av-tt-hotspot' data-avia-tooltip='&lt;p&gt;Mesing \u0161pena&lt;\/p&gt;\n' style='top: 75.9%; left: 47.6%; '><div class='av-image-hotspot_inner' style='background-color: #006cb5; color: #ffffff;'>5<\/div><div class='av-image-hotspot-pulse' ><\/div><\/div><div class='av-image-hotspot' data-avia-tooltip-position='left' data-avia-tooltip-alignment='top' data-avia-tooltip-class='av-tt-default-width av-tt-pos-left av-tt-align-top  main_color av-tt-hotspot' data-avia-tooltip='&lt;p&gt;Fe \u017eica&lt;\/p&gt;\n' style='top: 86.9%; left: 82.4%; '><div class='av-image-hotspot_inner' style='background-color: #006cb5; color: #ffffff;'>6<\/div><div class='av-image-hotspot-pulse' ><\/div><\/div><img class='avia_image ' src='https:\/\/metal-produkt.hr\/wp-content\/uploads\/2015\/10\/Untitled-1.jpg' alt='promet sekundarnim sirovinama' title='promet sekundarnim sirovinama'  height=\"540\"width=\"1350\"  itemprop=\"thumbnailUrl\"  \/><\/div><\/div><\/div><\/div>\n<div class=\"flex_column av_one_fifth  flex_column_div av-zero-column-padding first  \" style='border-radius:0px; '><\/div>\n<div class=\"flex_column av_three_fifth  flex_column_div av-zero-column-padding   \" style='border-radius:0px; '><div style='padding-bottom:0px; ' class='av-special-heading av-special-heading-h2  blockquote modern-quote modern-centered  '><h2 class='av-special-heading-tag '  itemprop=\"headline\"  >Metalni ostaci koje otkupljujemo<\/h2><div class='special-heading-border'><div class='special-heading-inner-border' ><\/div><\/div><\/div><\/div>\n<div class=\"flex_column av_one_fifth  flex_column_div av-zero-column-padding   \" style='border-radius:0px; '><\/div>\n<div style='height:25px' class='hr hr-invisible  '><span class='hr-inner ' ><span class='hr-inner-style'><\/span><\/span><\/div>\n<div class=\"flex_column av_one_full  flex_column_div av-zero-column-padding first  \" style='border-radius:0px; '><section class=\"av_textblock_section \"  itemscope=\"itemscope\" itemtype=\"https:\/\/schema.org\/CreativeWork\" ><div class='avia_textblock  '   itemprop=\"text\" ><ul>\n<li>Otpadni bakar &#8211; plo\u010devina nova, \u010dista guljena \u017eica, cijevi, limovi, lakirana \u017eica, paljena \u017eica, otpadni bakreni kablovi\u2026.<\/li>\n<li>Otpadni mesing \u2013 industrijski i sakuplja\u010dki<\/li>\n<li>Otpadna bronca \u2013 industrijska i sakuplja\u010dka<\/li>\n<li>Otpadni aluminij \u2013 aluminijska \u017eica \u010dista, aluminijske offset plo\u010de, otpadni aluminijski lim nebojani i obojani, otpadni aluminij tvrdi, otpadne aluminijske felge, otpadni aluminijski iso profili, otpadni aluminijski profili \u010disti i obojani, otpadni aluminijski kablovi<\/li>\n<li>Otpadni prokrom \u2013 industrijski, sakuplja\u010dki i magneti\u010dni<\/li>\n<li>Otpadno olovo<\/li>\n<li>Otpadni cink lim<\/li>\n<li>Otpadno \u017eeljezo, otpadno \u017eeljezo plo\u010devina i \u0161tanca<\/li>\n<li>Ostalo: Otpadni aluminijski hladnjaci, otpadni Al\/Cu hladnjaci, otpadni mesing hladnjaci, otpadni bakreni hladnjaci, otpadni elektromotori, otpadni lim novi pocin\u010dani, otpadni lim stari, otpadni lim (\u0161koljka automobila), otpadni automobili<\/li>\n<\/ul>\n<\/div><\/section><\/div>\n<div style=' margin-top:15px; margin-bottom:15px;'  class='hr hr-custom hr-center hr-icon-no  '><span class='hr-inner   inner-border-av-border-fat' style=' width:50px; border-color:#66676f;' ><span class='hr-inner-style'><\/span><\/span><\/div>\n<\/div><\/div><\/div><!-- close content main div --><\/div><\/div><div id='av_section_3' class='avia-section main_color avia-section-default avia-no-border-styling avia-full-stretch avia-bg-style-scroll   av-minimum-height av-minimum-height-50 container_wrap sidebar_right' style = 'background-repeat: no-repeat; background-image: url(https:\/\/metal-produkt.hr\/wp-content\/uploads\/2015\/10\/IMAG21483.jpg);background-attachment: scroll; background-position: top center; ' data-section-bg-repeat='stretch' ><div class='container' ><div class='template-page content  av-content-small alpha units'><div class='post-entry post-entry-type-page post-entry-13'><div class='entry-content-wrapper clearfix'>\n<div class=\"flex_column av_three_fifth  flex_column_div av-zero-column-padding first  \" style='border-radius:0px; '><\/div><div class=\"flex_column av_two_fifth  flex_column_div av-zero-column-padding   \" style='border-radius:0px; '><p><div style='padding-bottom:10px; color:#555555;' class='av-special-heading av-special-heading-h2 custom-color-heading blockquote modern-quote modern-centered   '><h2 class='av-special-heading-tag '  itemprop=\"headline\"  >Tko smo i \u0161to radimo?<\/h2><div class='special-heading-border'><div class='special-heading-inner-border' style='border-color:#555555'><\/div><\/div><\/div><br \/>\n<div style=' margin-top:10px; margin-bottom:10px;'  class='hr hr-custom hr-center hr-icon-no  '><span class='hr-inner   inner-border-av-border-fat' style=' width:50px; border-color:#66676f;' ><span class='hr-inner-style'><\/span><\/span><\/div><br \/>\n<section class=\"av_textblock_section \"  itemscope=\"itemscope\" itemtype=\"https:\/\/schema.org\/CreativeWork\" ><div class='avia_textblock  av_inherit_color '  style='color:#555555; '  itemprop=\"text\" ><p>Metalprodukt d.o.o. iz Belice je dru\u0161tvo registrirano za recikla\u017eu i promet sekundarnim sirovinama te za sakupljanje i skladi\u0161tenje neopasnog, opasnog i gra\u0111evinskog otpada. Ve\u0107 25 godina uspje\u0161no se bavimo otkupom, zbrinjavanjem i prijevozom svih vrsta otpada.<\/p>\n<p><strong><a href=\"http:\/\/metal-produkt.hr\/o-nama\/\">Pro\u010ditajte vi\u0161e&#8230;<\/a><\/strong><\/p>\n<\/div><\/section><\/p><\/div>\n<\/div><\/div><\/div><!-- close content main div --><\/div><\/div><div id='after_section_3' class='main_color av_default_container_wrap container_wrap sidebar_right'   ><div class='container' ><div class='template-page content  av-content-small alpha units'><div class='post-entry post-entry-type-page post-entry-13'><div class='entry-content-wrapper clearfix'>\n<div class=\"flex_column av_one_fifth  flex_column_div av-zero-column-padding first  \" style='border-radius:0px; '><\/div>\n<div class=\"flex_column av_three_fifth  flex_column_div av-zero-column-padding   \" style='border-radius:0px; '><div style='padding-bottom:0px; ' class='av-special-heading av-special-heading-h2  blockquote modern-quote modern-centered   '><h2 class='av-special-heading-tag '  itemprop=\"headline\"  >Va\u017eni linkovi<\/h2><div class='special-heading-border'><div class='special-heading-inner-border' ><\/div><\/div><\/div><\/div>\n<div class=\"flex_column av_one_fifth  flex_column_div av-zero-column-padding   \" style='border-radius:0px; '><\/div>\n<\/div><\/div><\/div><!-- close content main div --><\/div><\/div><div id='av_section_4' class='avia-section main_color avia-section-no-padding avia-no-border-styling avia-bg-style-scroll   container_wrap sidebar_right' style = 'background-image: '  ><div class='container' ><div class='template-page content  av-content-small alpha units'><div class='post-entry post-entry-type-page post-entry-13'><div class='entry-content-wrapper clearfix'>\n<div class=\"flex_column av_one_fourth  flex_column_div av-zero-column-padding first  \" style='border-radius:0px; '><div class='avia-image-container  av-styling-    avia-align-center '  itemprop=\"ImageObject\" itemscope=\"itemscope\" itemtype=\"https:\/\/schema.org\/ImageObject\"  ><div class='avia-image-container-inner'><div class='avia-image-overlay-wrap'><a href='http:\/\/www.mzoip.hr\/' class='avia_image'   target=\"_blank\" ><img class='avia_image ' src='https:\/\/metal-produkt.hr\/wp-content\/uploads\/2015\/10\/mid_558a7afd39eb9.jpg' alt='' title='mid_558a7afd39eb9'  itemprop=\"thumbnailUrl\"  \/><\/a><\/div><\/div><\/div><\/div><div class=\"flex_column av_one_fourth  flex_column_div av-zero-column-padding   \" style='border-radius:0px; '><div class='avia-image-container  av-styling-    avia-align-center '  itemprop=\"ImageObject\" itemscope=\"itemscope\" itemtype=\"https:\/\/schema.org\/ImageObject\"  ><div class='avia-image-container-inner'><div class='avia-image-overlay-wrap'><a href='http:\/\/www.dzzp.hr\/' class='avia_image'   target=\"_blank\" ><img class='avia_image ' src='https:\/\/metal-produkt.hr\/wp-content\/uploads\/2015\/10\/dzzp_logo.png' alt='' title='dzzp_logo'  itemprop=\"thumbnailUrl\"  \/><\/a><\/div><\/div><\/div><\/div><div class=\"flex_column av_one_fourth  flex_column_div av-zero-column-padding   \" style='border-radius:0px; '><div class='avia-image-container  av-styling-    avia-align-center '  itemprop=\"ImageObject\" itemscope=\"itemscope\" itemtype=\"https:\/\/schema.org\/ImageObject\"  ><div class='avia-image-container-inner'><div class='avia-image-overlay-wrap'><a href='http:\/\/www.azo.hr\/Default.aspx?sec=652' class='avia_image'   target=\"_blank\" ><img class='avia_image ' src='https:\/\/metal-produkt.hr\/wp-content\/uploads\/2015\/10\/AZO_logo-1030x303.jpg' alt='' title='AZO_logo'  itemprop=\"thumbnailUrl\"  \/><\/a><\/div><\/div><\/div><\/div><div class=\"flex_column av_one_fourth  flex_column_div av-zero-column-padding   \" style='border-radius:0px; '><div class='avia-image-container  av-styling-    avia-align-center '  itemprop=\"ImageObject\" itemscope=\"itemscope\" itemtype=\"https:\/\/schema.org\/ImageObject\"  ><div class='avia-image-container-inner'><div class='avia-image-overlay-wrap'><a href='http:\/\/www.fzoeu.hr\/' class='avia_image'   target=\"_blank\" ><img class='avia_image ' src='https:\/\/metal-produkt.hr\/wp-content\/uploads\/2015\/10\/2370_8932_fzoeu.jpg' alt='' title='2370_8932_fzoeu'  itemprop=\"thumbnailUrl\"  \/><\/a><\/div><\/div><\/div><\/div>\n<\/div><\/div><\/div><!-- close content main div --><\/div><\/div><div id='after_section_4' class='main_color av_default_container_wrap container_wrap sidebar_right'   ><div class='container' ><div class='template-page content  av-content-small alpha units'><div class='post-entry post-entry-type-page post-entry-13'><div class='entry-content-wrapper clearfix'>\n<div style=' margin-top:10px; margin-bottom:10px;'  class='hr hr-custom hr-center hr-icon-no  '><span class='hr-inner   inner-border-av-border-fat' style=' width:50px; border-color:#66676f;' ><span class='hr-inner-style'><\/span><\/span><\/div>\n<\/div><\/div><\/div><!-- close content main div --><\/div><\/div><div id='av_section_5' class='avia-section main_color avia-section-default avia-no-border-styling avia-bg-style-scroll   container_wrap sidebar_right' style = 'background-color: #006cb5; background-image: '  ><div class='container' ><div class='template-page content  av-content-small alpha units'><div class='post-entry post-entry-type-page post-entry-13'><div class='entry-content-wrapper clearfix'>\n<div class=\"flex_column av_one_fifth  flex_column_div av-zero-column-padding first  \" style='border-radius:0px; '><\/div><div class=\"flex_column av_three_fifth  flex_column_div av-zero-column-padding   \" style='border-radius:0px; '><div style='padding-bottom:10px; color:#ffffff;' class='av-special-heading av-special-heading-h1 custom-color-heading blockquote modern-quote modern-centered  '><h1 class='av-special-heading-tag '  itemprop=\"headline\"  >Otkupljujemo i recikliramo sekundarne sirovine<\/h1><div class='special-heading-border'><div class='special-heading-inner-border' style='border-color:#ffffff'><\/div><\/div><\/div><\/div><div class=\"flex_column av_one_fifth  flex_column_div av-zero-column-padding   \" style='border-radius:0px; '><\/div>\n<\/div><\/div><\/div><!-- close content main div --><\/div><\/div><div id='after_section_5' class='main_color av_default_container_wrap container_wrap sidebar_right'   ><div class='container' ><div class='template-page content  av-content-small alpha units'><div class='post-entry post-entry-type-page post-entry-13'><div class='entry-content-wrapper clearfix'>\n","protected":false},"excerpt":{"rendered":"","protected":false},"author":1,"featured_media":0,"parent":0,"menu_order":1,"comment_status":"closed","ping_status":"closed","template":"","meta":{"footnotes":""},"class_list":["post-13","page","type-page","status-publish","hentry"],"_links":{"self":[{"href":"https:\/\/metal-produkt.hr\/index.php?rest_route=\/wp\/v2\/pages\/13"}],"collection":[{"href":"https:\/\/metal-produkt.hr\/index.php?rest_route=\/wp\/v2\/pages"}],"about":[{"href":"https:\/\/metal-produkt.hr\/index.php?rest_route=\/wp\/v2\/types\/page"}],"author":[{"embeddable":true,"href":"https:\/\/metal-produkt.hr\/index.php?rest_route=\/wp\/v2\/users\/1"}],"replies":[{"embeddable":true,"href":"https:\/\/metal-produkt.hr\/index.php?rest_route=%2Fwp%2Fv2%2Fcomments&post=13"}],"version-history":[{"count":42,"href":"https:\/\/metal-produkt.hr\/index.php?rest_route=\/wp\/v2\/pages\/13\/revisions"}],"predecessor-version":[{"id":712,"href":"https:\/\/metal-produkt.hr\/index.php?rest_route=\/wp\/v2\/pages\/13\/revisions\/712"}],"wp:attachment":[{"href":"https:\/\/metal-produkt.hr\/index.php?rest_route=%2Fwp%2Fv2%2Fmedia&parent=13"}],"curies":[{"name":"wp","href":"https:\/\/api.w.org\/{rel}","templated":true}]}}