{"id":457,"date":"2015-10-30T14:46:04","date_gmt":"2015-10-30T14:46:04","guid":{"rendered":"http:\/\/metal-produkt.hr\/?page_id=457"},"modified":"2015-10-30T15:12:03","modified_gmt":"2015-10-30T15:12:03","slug":"impressum","status":"publish","type":"page","link":"https:\/\/metal-produkt.hr\/?page_id=457&lang=hr","title":{"rendered":"Impressum"},"content":{"rendered":"<\/div><\/div><\/div><!-- close content main div --><\/div><\/div><div id='av_section_1' class='avia-section main_color avia-section-default avia-no-shadow avia-bg-style-scroll   container_wrap sidebar_right' style = 'background-color: #006cb5; background-image: '  ><div class='container' ><div class='template-page content  av-content-small alpha units'><div class='post-entry post-entry-type-page post-entry-457'><div class='entry-content-wrapper clearfix'>\n<div class=\"flex_column av_one_fifth  flex_column_div av-zero-column-padding first  \" style='border-radius:0px; '><\/div><div class=\"flex_column av_three_fifth  flex_column_div av-zero-column-padding   \" style='border-radius:0px; '><div style='padding-bottom:10px; color:#ffffff;' class='av-special-heading av-special-heading-h2 custom-color-heading blockquote modern-quote modern-centered  '><h2 class='av-special-heading-tag '  itemprop=\"headline\"  >IMPRESSUM<\/h2><div class='special-heading-border'><div class='special-heading-inner-border' style='border-color:#ffffff'><\/div><\/div><\/div><\/div><div class=\"flex_column av_one_fifth  flex_column_div av-zero-column-padding   \" style='border-radius:0px; '><\/div><\/div><\/div><\/div><!-- close content main div --><\/div><\/div><div id='after_section_1' class='main_color av_default_container_wrap container_wrap sidebar_right'   ><div class='container' ><div class='template-page content  av-content-small alpha units'><div class='post-entry post-entry-type-page post-entry-457'><div class='entry-content-wrapper clearfix'><\/div><\/div><\/div><!-- close content main div --><\/div><\/div><div id='av_section_2' class='avia-section main_color avia-section-default avia-no-shadow avia-bg-style-scroll   container_wrap sidebar_right' style = 'background-image: '  ><div class='container' ><div class='template-page content  av-content-small alpha units'><div class='post-entry post-entry-type-page post-entry-457'><div class='entry-content-wrapper clearfix'>\n<section class=\"av_textblock_section \"  itemscope=\"itemscope\" itemtype=\"https:\/\/schema.org\/CreativeWork\" ><div class='avia_textblock  '   itemprop=\"text\" ><p><strong>METALPRODUKT d.o.o.<\/strong>\u00a0za otkup i preradu sekundarnih sirovina<\/p>\n<p>Sjedi\u0161te: HR-40319 BELICA, Ljudevita Gaja 19<\/p>\n<p>Dru\u0161tvo je upisano u sudski registar Trgova\u010dkog suda u Vara\u017edinu pod poslovnim brojem Tt-10\/1823-2, redni broj upisa 3, za subjekt upisa s mati\u010dnim brojem (MBS): 070072165<\/p>\n<p>Temeljni kapital dru\u0161tva iznosi 8.796.800,00 kuna<\/p>\n<p>Poslovna banka: Privredna banka Zagreb d.d.<\/p>\n<p>IBAN: HR2323400091116029144<\/p>\n<p>OIB (VAT ID): HR 89017622627<\/p>\n<p>Uprava: Husnija Bajri\u0107, direktor, zastupa dru\u0161tvo pojedina\u010dno i samostalno<\/p>\n<p><strong>\u00a0<\/strong><\/p>\n<\/div><\/section>\n<\/div><\/div><\/div><!-- close content main div --><\/div><\/div><div id='after_section_2' class='main_color av_default_container_wrap container_wrap sidebar_right'   ><div class='container' ><div class='template-page content  av-content-small alpha units'><div class='post-entry post-entry-type-page post-entry-457'><div class='entry-content-wrapper clearfix'><\/p>\n","protected":false},"excerpt":{"rendered":"","protected":false},"author":1,"featured_media":0,"parent":22,"menu_order":0,"comment_status":"closed","ping_status":"closed","template":"","meta":{"footnotes":""},"class_list":["post-457","page","type-page","status-publish","hentry"],"_links":{"self":[{"href":"https:\/\/metal-produkt.hr\/index.php?rest_route=\/wp\/v2\/pages\/457"}],"collection":[{"href":"https:\/\/metal-produkt.hr\/index.php?rest_route=\/wp\/v2\/pages"}],"about":[{"href":"https:\/\/metal-produkt.hr\/index.php?rest_route=\/wp\/v2\/types\/page"}],"author":[{"embeddable":true,"href":"https:\/\/metal-produkt.hr\/index.php?rest_route=\/wp\/v2\/users\/1"}],"replies":[{"embeddable":true,"href":"https:\/\/metal-produkt.hr\/index.php?rest_route=%2Fwp%2Fv2%2Fcomments&post=457"}],"version-history":[{"count":5,"href":"https:\/\/metal-produkt.hr\/index.php?rest_route=\/wp\/v2\/pages\/457\/revisions"}],"predecessor-version":[{"id":533,"href":"https:\/\/metal-produkt.hr\/index.php?rest_route=\/wp\/v2\/pages\/457\/revisions\/533"}],"up":[{"embeddable":true,"href":"https:\/\/metal-produkt.hr\/index.php?rest_route=\/wp\/v2\/pages\/22"}],"wp:attachment":[{"href":"https:\/\/metal-produkt.hr\/index.php?rest_route=%2Fwp%2Fv2%2Fmedia&parent=457"}],"curies":[{"name":"wp","href":"https:\/\/api.w.org\/{rel}","templated":true}]}}